{"id":49,"date":"2020-03-19T10:26:47","date_gmt":"2020-03-19T10:26:47","guid":{"rendered":"http:\/\/zigzagxplora.com\/?page_id=49"},"modified":"2020-05-14T06:37:13","modified_gmt":"2020-05-14T06:37:13","slug":"tu-aventura","status":"publish","type":"page","link":"https:\/\/zigzagxplora.com\/fr\/tu-aventura","title":{"rendered":"VOTRE AVENTURE"},"content":{"rendered":"<p>[et_pb_section fb_built=\u00bb1&#8243; fullwidth=\u00bbon\u00bb admin_label=\u00bbHero\u00bb _builder_version=\u00bb3.22&#8243; background_color=\u00bb#233b4e\u00bb parallax=\u00bbon\u00bb custom_padding=\u00bb0px|0px|0px|0px\u00bb][et_pb_fullwidth_header title=\u00bbSUE\u00d1A\u00bb text_orientation=\u00bbcenter\u00bb background_overlay_color=\u00bbrgba(29,38,51,0.86)\u00bb content_max_width=\u00bb700px\u00bb admin_label=\u00bbHero Section\u00bb _builder_version=\u00bb4.4.1&#8243; title_font=\u00bbOswald|on||on|\u00bb title_font_size=\u00bb80px\u00bb title_line_height=\u00bb1.3em\u00bb content_font=\u00bbRoboto||||\u00bb content_font_size=\u00bb20px\u00bb background_color=\u00bbrgba(255, 255, 255, 0)\u00bb background_image=\u00bbhttps:\/\/zigzagxplora.com\/wp-content\/uploads\/2020\/04\/cabecera-tu-aventura-2.png\u00bb parallax=\u00bbon\u00bb parallax_method=\u00bbon\u00bb custom_button_one=\u00bbon\u00bb button_one_border_radius=\u00bb0px\u00bb button_one_letter_spacing=\u00bb4px\u00bb button_one_font=\u00bbOswald|on||on|\u00bb button_one_icon=\u00bb%%3%%\u00bb button_one_icon_color=\u00bb#ffffff\u00bb custom_margin=\u00bb|||\u00bb custom_padding=\u00bb95px||104px|||\u00bb custom_padding_tablet=\u00bb60px||60px|\u00bb custom_padding_phone=\u00bb\u00bb custom_padding_last_edited=\u00bbon|tablet\u00bb animation_style=\u00bbzoom\u00bb animation_direction=\u00bbbottom\u00bb animation_intensity_zoom=\u00bb4%\u00bb button_one_text_color_hover=\u00bb#ffffff\u00bb button_one_border_color_hover=\u00bb#ffffff\u00bb button_one_border_radius_hover=\u00bb0px\u00bb button_one_letter_spacing_hover=\u00bb4px\u00bb button_one_bg_color_hover=\u00bbrgba(0,0,0,0)\u00bb button_one_text_size__hover_enabled=\u00bboff\u00bb button_two_text_size__hover_enabled=\u00bboff\u00bb button_one_text_color__hover_enabled=\u00bbon\u00bb button_one_text_color__hover=\u00bb#ffffff\u00bb button_two_text_color__hover_enabled=\u00bboff\u00bb button_one_border_width__hover_enabled=\u00bboff\u00bb button_two_border_width__hover_enabled=\u00bboff\u00bb button_one_border_color__hover_enabled=\u00bbon\u00bb button_one_border_color__hover=\u00bb#ffffff\u00bb button_two_border_color__hover_enabled=\u00bboff\u00bb button_one_border_radius__hover_enabled=\u00bbon\u00bb button_one_border_radius__hover=\u00bb0px\u00bb button_two_border_radius__hover_enabled=\u00bboff\u00bb button_one_letter_spacing__hover_enabled=\u00bbon\u00bb button_one_letter_spacing__hover=\u00bb4px\u00bb button_two_letter_spacing__hover_enabled=\u00bboff\u00bb button_one_bg_color__hover_enabled=\u00bbon\u00bb button_one_bg_color__hover=\u00bbrgba(0,0,0,0)\u00bb button_two_bg_color__hover_enabled=\u00bboff\u00bb][\/et_pb_fullwidth_header][\/et_pb_section][et_pb_section fb_built=\u00bb1&#8243; _builder_version=\u00bb4.4.1&#8243; custom_padding=\u00bb2px|||||\u00bb][et_pb_row _builder_version=\u00bb4.4.1&#8243; custom_padding=\u00bb42px|||||\u00bb][et_pb_column type=\u00bb4_4&#8243; _builder_version=\u00bb4.4.1&#8243;][et_pb_text admin_label=\u00bbDiscover Beatuty Title\u00bb _builder_version=\u00bb4.4.1&#8243; text_font=\u00bb||||\u00bb text_text_color=\u00bb#1a1a1a\u00bb header_font=\u00bbOswald|on||on|\u00bb header_text_align=\u00bbleft\u00bb header_text_color=\u00bb#212a63&#8243; header_font_size=\u00bb60px\u00bb header_line_height=\u00bb1.3em\u00bb animation_style=\u00bbslide\u00bb animation_direction=\u00bb%22fade_in%22&#8243; animation_duration=\u00bb500ms\u00bb animation_intensity_slide=\u00bb10%\u00bb]<\/p>\n<h1 style=\"text-align: center;\">TU AVENTURA A MEDIDA<\/h1>\n<p>[\/et_pb_text][et_pb_divider color=\u00bb#9b1313&#8243; divider_position=\u00bbcenter\u00bb divider_weight=\u00bb3px\u00bb admin_label=\u00bbSeparador\u00bb _builder_version=\u00bb4.4.1&#8243; width=\u00bb24%\u00bb module_alignment=\u00bbcenter\u00bb][\/et_pb_divider][et_pb_text admin_label=\u00bbDiscover Beatuty Sub Title\u00bb _builder_version=\u00bb4.4.3&#8243; text_font=\u00bbRoboto||||\u00bb text_text_color=\u00bb#212a63&#8243; text_font_size=\u00bb20px\u00bb text_line_height=\u00bb1.4em\u00bb min_height=\u00bb216px\u00bb custom_margin=\u00bb||-13px|||\u00bb custom_padding=\u00bb||0px|||\u00bb animation_style=\u00bbslide\u00bb animation_direction=\u00bbtop\u00bb animation_delay=\u00bb100ms\u00bb animation_intensity_slide=\u00bb10%\u00bb]<\/p>\n<div style=\"text-align: center;\">Si sue\u00f1as con pasar un d\u00eda, una semana o quiz\u00e1 un mes en monta\u00f1a.<\/div>\n<div style=\"text-align: center;\">Si Sue\u00f1as con poder dormir en un refugio, en una tienda de campa\u00f1a al lado de un lago o incluso hacer un vivac en lo alto de un pico.<\/div>\n<div style=\"text-align: center;\">Si necesitas un periodo de calma y tranquilidad o por el contrario disfrutar de la familia y amigos.<\/div>\n<div>\u00a0<\/div>\n<div style=\"text-align: center;\">En ZigZagXplora podemos organizar esa experiencia a tu medida y para ello necesitamos saber:<\/div>\n<p>[\/et_pb_text][et_pb_divider show_divider=\u00bboff\u00bb admin_label=\u00bbSeparador\u00bb _builder_version=\u00bb4.4.3&#8243; width=\u00bb24%\u00bb module_alignment=\u00bbcenter\u00bb][\/et_pb_divider][et_pb_text disabled_on=\u00bboff|off|off\u00bb admin_label=\u00bbDiscover Beatuty Text\u00bb _builder_version=\u00bb4.4.3&#8243; text_font=\u00bbRoboto||||\u00bb text_text_color=\u00bb#a5a5a5&#8243; text_font_size=\u00bb19px\u00bb text_line_height=\u00bb1.9em\u00bb header_text_color=\u00bb#9b1313&#8243; custom_margin=\u00bb-7px|||||\u00bb custom_padding=\u00bb0px|||||\u00bb animation_style=\u00bbslide\u00bb animation_direction=\u00bbtop\u00bb animation_delay=\u00bb300ms\u00bb animation_intensity_slide=\u00bb10%\u00bb]<\/p>\n<h3 class=\"p1\" style=\"text-align: center;\"><span style=\"color: #9b1313;\"><strong>1\/ Motivaci\u00f3n:<\/strong><\/span><\/h3>\n<p class=\"p1\" style=\"text-align: center;\">Queremos saber cu\u00e1l es la motivaci\u00f3n que te impulsa a vivir una experiencia en monta\u00f1a para poder adaptar esta aventura a tus expectativas.<\/p>\n<h3 class=\"p1\" style=\"text-align: center;\"><span style=\"color: #9b1313;\"><strong>2\/ Experiencia en monta\u00f1a:<\/strong><\/span><\/h3>\n<p class=\"p1\" style=\"text-align: center;\">Conocer tus vivencias en monta\u00f1a nos ayudar\u00e1 a elegir la mejor opci\u00f3n para ti y tu grupo.<\/p>\n<h3 class=\"p1\" style=\"text-align: center;\"><span style=\"color: #9b1313;\"><strong>3\/ Disponibilidad y n\u00famero de personas:<\/strong><\/span><\/h3>\n<p class=\"p1\" style=\"text-align: center;\">Dinos qu\u00e9 fechas tienes disponibles, cu\u00e1ntos sois y que relaci\u00f3n os une y nosotros nos encargamos de buscar las mejores opciones para organizar esta aventura que acabas de comenzar.<\/p>\n<h3 class=\"p1\" style=\"text-align: center;\"><span style=\"color: #9b1313;\"><strong>4\/ Y por \u00faltimo, cuando el proyecto salga adelante:<\/strong><\/span><\/h3>\n<p class=\"p1\" style=\"text-align: center;\">Os enviaremos un formulario para saber m\u00e1s sobre ti o sobre vuestro grupo y as\u00ed poder personalizar esta experiencia para que todo el mundo la pueda disfrutar al m\u00e1ximo.<\/p>\n<p>[\/et_pb_text][\/et_pb_column][\/et_pb_row][\/et_pb_section][et_pb_section fb_built=\u00bb1&#8243; admin_label=\u00bbGallery\u00bb _builder_version=\u00bb3.22&#8243; custom_padding=\u00bb0px||0px|\u00bb][et_pb_row column_structure=\u00bb1_4,1_4,1_4,1_4&#8243; use_custom_gutter=\u00bbon\u00bb gutter_width=\u00bb1&#8243; make_equal=\u00bbon\u00bb module_class=\u00bb et_pb_row_fullwidth\u00bb _builder_version=\u00bb3.25&#8243; width=\u00bb100%\u00bb width_tablet=\u00bb100%\u00bb width_phone=\u00bb\u00bb width_last_edited=\u00bbon|desktop\u00bb max_width=\u00bb100%\u00bb max_width_tablet=\u00bb100%\u00bb max_width_phone=\u00bb\u00bb max_width_last_edited=\u00bbon|desktop\u00bb custom_padding=\u00bb0px|0px|0px|0px\u00bb make_fullwidth=\u00bbon\u00bb][et_pb_column type=\u00bb1_4&#8243; _builder_version=\u00bb3.25&#8243; custom_padding=\u00bb|||\u00bb custom_padding__hover=\u00bb|||\u00bb][et_pb_image src=\u00bbhttps:\/\/zigzagxplora.com\/wp-content\/uploads\/2020\/04\/tu-aventura-1.png\u00bb show_in_lightbox=\u00bbon\u00bb force_fullwidth=\u00bbon\u00bb align_tablet=\u00bbcenter\u00bb align_phone=\u00bb\u00bb align_last_edited=\u00bbon|desktop\u00bb _builder_version=\u00bb4.4.1&#8243; animation_style=\u00bbzoom\u00bb animation_direction=\u00bbleft\u00bb animation_duration=\u00bb500ms\u00bb animation_intensity_zoom=\u00bb10%\u00bb][\/et_pb_image][\/et_pb_column][et_pb_column type=\u00bb1_4&#8243; _builder_version=\u00bb3.25&#8243; custom_padding=\u00bb|||\u00bb custom_padding__hover=\u00bb|||\u00bb][et_pb_image src=\u00bbhttps:\/\/zigzagxplora.com\/wp-content\/uploads\/2020\/04\/tu-aventura-2.png\u00bb show_in_lightbox=\u00bbon\u00bb force_fullwidth=\u00bbon\u00bb align_tablet=\u00bbcenter\u00bb align_phone=\u00bb\u00bb align_last_edited=\u00bbon|desktop\u00bb _builder_version=\u00bb4.4.1&#8243; animation_style=\u00bbzoom\u00bb animation_direction=\u00bbleft\u00bb animation_duration=\u00bb500ms\u00bb animation_delay=\u00bb100ms\u00bb animation_intensity_zoom=\u00bb10%\u00bb locked=\u00bboff\u00bb][\/et_pb_image][\/et_pb_column][et_pb_column type=\u00bb1_4&#8243; _builder_version=\u00bb3.25&#8243; custom_padding=\u00bb|||\u00bb custom_padding__hover=\u00bb|||\u00bb][et_pb_image src=\u00bbhttps:\/\/zigzagxplora.com\/wp-content\/uploads\/2020\/04\/tu-aventura-3.png\u00bb show_in_lightbox=\u00bbon\u00bb force_fullwidth=\u00bbon\u00bb align_tablet=\u00bbcenter\u00bb align_phone=\u00bb\u00bb align_last_edited=\u00bbon|desktop\u00bb _builder_version=\u00bb4.4.1&#8243; animation_style=\u00bbzoom\u00bb animation_direction=\u00bbleft\u00bb animation_duration=\u00bb500ms\u00bb animation_delay=\u00bb200ms\u00bb animation_intensity_zoom=\u00bb10%\u00bb locked=\u00bboff\u00bb][\/et_pb_image][\/et_pb_column][et_pb_column type=\u00bb1_4&#8243; _builder_version=\u00bb3.25&#8243; custom_padding=\u00bb|||\u00bb custom_padding__hover=\u00bb|||\u00bb][et_pb_image src=\u00bbhttps:\/\/zigzagxplora.com\/wp-content\/uploads\/2020\/04\/tu-aventura-4.png\u00bb show_in_lightbox=\u00bbon\u00bb force_fullwidth=\u00bbon\u00bb align_tablet=\u00bbcenter\u00bb align_phone=\u00bb\u00bb align_last_edited=\u00bbon|desktop\u00bb _builder_version=\u00bb4.4.1&#8243; animation_style=\u00bbzoom\u00bb animation_duration=\u00bb500ms\u00bb animation_delay=\u00bb300ms\u00bb animation_intensity_zoom=\u00bb10%\u00bb locked=\u00bboff\u00bb][\/et_pb_image][\/et_pb_column][\/et_pb_row][\/et_pb_section][et_pb_section fb_built=\u00bb1&#8243; admin_label=\u00bbContact Form Section\u00bb _builder_version=\u00bb3.22&#8243; custom_padding=\u00bb4px||0px|||\u00bb global_module=\u00bb241&#8243; saved_tabs=\u00bball\u00bb][et_pb_row admin_label=\u00bbSection Title\u00bb _builder_version=\u00bb3.25&#8243; custom_margin=\u00bb|||\u00bb custom_padding=\u00bb||0px|\u00bb use_custom_width=\u00bbon\u00bb][et_pb_column type=\u00bb4_4&#8243; _builder_version=\u00bb3.25&#8243; custom_padding=\u00bb|||\u00bb custom_padding__hover=\u00bb|||\u00bb][et_pb_text admin_label=\u00bbTitle\u00bb _builder_version=\u00bb4.4.1&#8243; text_font=\u00bb||||||||\u00bb header_font=\u00bb||||||||\u00bb header_2_font=\u00bbMontserrat|600||on|||||\u00bb header_2_text_align=\u00bbcenter\u00bb header_2_font_size=\u00bb30px\u00bb header_2_line_height=\u00bb1.5em\u00bb text_orientation=\u00bbcenter\u00bb custom_margin=\u00bb||5px|\u00bb animation_style=\u00bbslide\u00bb animation_direction=\u00bbtop\u00bb animation_intensity_slide=\u00bb20%\u00bb animation_starting_opacity=\u00bb100%\u00bb]<\/p>\n<h2>RELLENE EL SIGUIENTE FORMULARIO<\/h2>\n<p>[\/et_pb_text][et_pb_text admin_label=\u00bbTitle\u00bb _builder_version=\u00bb4.4.1&#8243; text_font=\u00bbRoboto|500|||||||\u00bb text_text_color=\u00bb#777777&#8243; text_font_size=\u00bb19px\u00bb header_font=\u00bb||||||||\u00bb header_2_font=\u00bbMontserrat|600||on|||||\u00bb header_2_text_align=\u00bbcenter\u00bb header_2_font_size=\u00bb30px\u00bb header_2_line_height=\u00bb1.5em\u00bb text_orientation=\u00bbcenter\u00bb min_height=\u00bb45px\u00bb custom_margin=\u00bb||5px|\u00bb animation_style=\u00bbslide\u00bb animation_direction=\u00bbtop\u00bb animation_intensity_slide=\u00bb20%\u00bb animation_starting_opacity=\u00bb100%\u00bb]<\/p>\n<p style=\"text-align: center;\">para poder resolverle cualquier duda o comentario al respecto de ZigZagXplora.<\/p>\n<p>[\/et_pb_text][et_pb_divider color=\u00bb#B87549&#8243; divider_weight=\u00bb3px\u00bb _builder_version=\u00bb4.4.1&#8243; width=\u00bb15%\u00bb max_width=\u00bb97px\u00bb module_alignment=\u00bbcenter\u00bb animation_style=\u00bbslide\u00bb animation_direction=\u00bbtop\u00bb animation_intensity_slide=\u00bb20%\u00bb animation_starting_opacity=\u00bb100%\u00bb][\/et_pb_divider][\/et_pb_column][\/et_pb_row][et_pb_row admin_label=\u00bbContact Form Area\u00bb _builder_version=\u00bb3.25&#8243; custom_padding=\u00bb22px|||||\u00bb][et_pb_column type=\u00bb4_4&#8243; _builder_version=\u00bb3.25&#8243; custom_padding=\u00bb|||\u00bb custom_padding__hover=\u00bb|||\u00bb][et_pb_contact_form captcha=\u00bboff\u00bb email=\u00bbinfo@zigzagxplora.com\u00bb success_message=\u00bbGRACIAS!\u00bb submit_button_text=\u00bbENVIAR\u00bb module_id=\u00bbet_pb_contact_form_0&#8243; _builder_version=\u00bb4.4.1&#8243; form_field_background_color=\u00bb#ffffff\u00bb form_field_text_color=\u00bb#212a63&#8243; title_font=\u00bb||||||||\u00bb form_field_font=\u00bbRoboto|500|||||||\u00bb form_field_font_size=\u00bb17px\u00bb form_field_letter_spacing=\u00bb1px\u00bb form_field_line_height=\u00bb1.8em\u00bb custom_button=\u00bbon\u00bb button_text_size=\u00bb16px\u00bb button_text_color=\u00bb#B87549&#8243; button_border_width=\u00bb4px\u00bb button_border_color=\u00bb#B87549&#8243; button_letter_spacing=\u00bb2px\u00bb button_font=\u00bbRoboto|600||on|||||\u00bb button_icon_color=\u00bb#b87549&#8243; module_alignment=\u00bbcenter\u00bb animation_style=\u00bbfade\u00bb border_width_all=\u00bb2px\u00bb border_color_all=\u00bb#212a63&#8243; form_background_color=\u00bb#ffffff\u00bb button_letter_spacing_hover=\u00bb2px\u00bb][et_pb_contact_field field_id=\u00bbNombre\u00bb field_title=\u00bbNombre\u00bb _builder_version=\u00bb4.4.1&#8243; button_text_size__hover_enabled=\u00bboff\u00bb button_one_text_size__hover_enabled=\u00bboff\u00bb button_two_text_size__hover_enabled=\u00bboff\u00bb button_text_color__hover_enabled=\u00bboff\u00bb button_one_text_color__hover_enabled=\u00bboff\u00bb button_two_text_color__hover_enabled=\u00bboff\u00bb button_border_width__hover_enabled=\u00bboff\u00bb button_one_border_width__hover_enabled=\u00bboff\u00bb button_two_border_width__hover_enabled=\u00bboff\u00bb button_border_color__hover_enabled=\u00bboff\u00bb button_one_border_color__hover_enabled=\u00bboff\u00bb button_two_border_color__hover_enabled=\u00bboff\u00bb button_border_radius__hover_enabled=\u00bboff\u00bb button_one_border_radius__hover_enabled=\u00bboff\u00bb button_two_border_radius__hover_enabled=\u00bboff\u00bb button_letter_spacing__hover_enabled=\u00bboff\u00bb button_one_letter_spacing__hover_enabled=\u00bboff\u00bb button_two_letter_spacing__hover_enabled=\u00bboff\u00bb button_bg_color__hover_enabled=\u00bboff\u00bb button_one_bg_color__hover_enabled=\u00bboff\u00bb button_two_bg_color__hover_enabled=\u00bboff\u00bb][\/et_pb_contact_field][et_pb_contact_field field_id=\u00bbApellidos\u00bb field_title=\u00bbApellidos\u00bb _builder_version=\u00bb4.4.1&#8243; button_text_size__hover_enabled=\u00bboff\u00bb button_one_text_size__hover_enabled=\u00bboff\u00bb button_two_text_size__hover_enabled=\u00bboff\u00bb button_text_color__hover_enabled=\u00bboff\u00bb button_one_text_color__hover_enabled=\u00bboff\u00bb button_two_text_color__hover_enabled=\u00bboff\u00bb button_border_width__hover_enabled=\u00bboff\u00bb button_one_border_width__hover_enabled=\u00bboff\u00bb button_two_border_width__hover_enabled=\u00bboff\u00bb button_border_color__hover_enabled=\u00bboff\u00bb button_one_border_color__hover_enabled=\u00bboff\u00bb button_two_border_color__hover_enabled=\u00bboff\u00bb button_border_radius__hover_enabled=\u00bboff\u00bb button_one_border_radius__hover_enabled=\u00bboff\u00bb button_two_border_radius__hover_enabled=\u00bboff\u00bb button_letter_spacing__hover_enabled=\u00bboff\u00bb button_one_letter_spacing__hover_enabled=\u00bboff\u00bb button_two_letter_spacing__hover_enabled=\u00bboff\u00bb button_bg_color__hover_enabled=\u00bboff\u00bb button_one_bg_color__hover_enabled=\u00bboff\u00bb button_two_bg_color__hover_enabled=\u00bboff\u00bb][\/et_pb_contact_field][et_pb_contact_field field_id=\u00bbEmail\u00bb field_title=\u00bbEmail\u00bb field_type=\u00bbemail\u00bb fullwidth_field=\u00bbon\u00bb _builder_version=\u00bb4.4.1&#8243; button_text_size__hover_enabled=\u00bboff\u00bb button_one_text_size__hover_enabled=\u00bboff\u00bb button_two_text_size__hover_enabled=\u00bboff\u00bb button_text_color__hover_enabled=\u00bboff\u00bb button_one_text_color__hover_enabled=\u00bboff\u00bb button_two_text_color__hover_enabled=\u00bboff\u00bb button_border_width__hover_enabled=\u00bboff\u00bb button_one_border_width__hover_enabled=\u00bboff\u00bb button_two_border_width__hover_enabled=\u00bboff\u00bb button_border_color__hover_enabled=\u00bboff\u00bb button_one_border_color__hover_enabled=\u00bboff\u00bb button_two_border_color__hover_enabled=\u00bboff\u00bb button_border_radius__hover_enabled=\u00bboff\u00bb button_one_border_radius__hover_enabled=\u00bboff\u00bb button_two_border_radius__hover_enabled=\u00bboff\u00bb button_letter_spacing__hover_enabled=\u00bboff\u00bb button_one_letter_spacing__hover_enabled=\u00bboff\u00bb button_two_letter_spacing__hover_enabled=\u00bboff\u00bb button_bg_color__hover_enabled=\u00bboff\u00bb button_one_bg_color__hover_enabled=\u00bboff\u00bb button_two_bg_color__hover_enabled=\u00bboff\u00bb][\/et_pb_contact_field][et_pb_contact_field field_id=\u00bbMensaje\u00bb field_title=\u00bbMensaje\u00bb field_type=\u00bbtext\u00bb fullwidth_field=\u00bbon\u00bb _builder_version=\u00bb4.4.1&#8243; button_text_size__hover_enabled=\u00bboff\u00bb button_one_text_size__hover_enabled=\u00bboff\u00bb button_two_text_size__hover_enabled=\u00bboff\u00bb button_text_color__hover_enabled=\u00bboff\u00bb button_one_text_color__hover_enabled=\u00bboff\u00bb button_two_text_color__hover_enabled=\u00bboff\u00bb button_border_width__hover_enabled=\u00bboff\u00bb button_one_border_width__hover_enabled=\u00bboff\u00bb button_two_border_width__hover_enabled=\u00bboff\u00bb button_border_color__hover_enabled=\u00bboff\u00bb button_one_border_color__hover_enabled=\u00bboff\u00bb button_two_border_color__hover_enabled=\u00bboff\u00bb button_border_radius__hover_enabled=\u00bboff\u00bb button_one_border_radius__hover_enabled=\u00bboff\u00bb button_two_border_radius__hover_enabled=\u00bboff\u00bb button_letter_spacing__hover_enabled=\u00bboff\u00bb button_one_letter_spacing__hover_enabled=\u00bboff\u00bb button_two_letter_spacing__hover_enabled=\u00bboff\u00bb button_bg_color__hover_enabled=\u00bboff\u00bb button_one_bg_color__hover_enabled=\u00bboff\u00bb button_two_bg_color__hover_enabled=\u00bboff\u00bb][\/et_pb_contact_field][\/et_pb_contact_form][\/et_pb_column][\/et_pb_row][\/et_pb_section]<\/p>\n","protected":false},"excerpt":{"rendered":"<p>TU AVENTURA A MEDIDASi sue\u00f1as con pasar un d\u00eda, una semana o quiz\u00e1 un mes en monta\u00f1a. Si Sue\u00f1as con poder dormir en un refugio, en una tienda de campa\u00f1a al lado de un lago o incluso hacer un vivac en lo alto de un pico. Si necesitas un periodo de calma y tranquilidad o [&hellip;]<\/p>\n","protected":false},"author":1,"featured_media":0,"parent":0,"menu_order":3,"comment_status":"closed","ping_status":"closed","template":"","meta":{"_et_pb_use_builder":"on","_et_pb_old_content":"","_et_gb_content_width":"","footnotes":""},"class_list":["post-49","page","type-page","status-publish","hentry"],"_links":{"self":[{"href":"https:\/\/zigzagxplora.com\/fr\/wp-json\/wp\/v2\/pages\/49","targetHints":{"allow":["GET"]}}],"collection":[{"href":"https:\/\/zigzagxplora.com\/fr\/wp-json\/wp\/v2\/pages"}],"about":[{"href":"https:\/\/zigzagxplora.com\/fr\/wp-json\/wp\/v2\/types\/page"}],"author":[{"embeddable":true,"href":"https:\/\/zigzagxplora.com\/fr\/wp-json\/wp\/v2\/users\/1"}],"replies":[{"embeddable":true,"href":"https:\/\/zigzagxplora.com\/fr\/wp-json\/wp\/v2\/comments?post=49"}],"version-history":[{"count":17,"href":"https:\/\/zigzagxplora.com\/fr\/wp-json\/wp\/v2\/pages\/49\/revisions"}],"predecessor-version":[{"id":409,"href":"https:\/\/zigzagxplora.com\/fr\/wp-json\/wp\/v2\/pages\/49\/revisions\/409"}],"wp:attachment":[{"href":"https:\/\/zigzagxplora.com\/fr\/wp-json\/wp\/v2\/media?parent=49"}],"curies":[{"name":"wp","href":"https:\/\/api.w.org\/{rel}","templated":true}]}}