{"id":10,"date":"2020-03-16T13:00:47","date_gmt":"2020-03-16T13:00:47","guid":{"rendered":"http:\/\/zigzagxplora.com\/?page_id=10"},"modified":"2022-04-23T15:16:57","modified_gmt":"2022-04-23T15:16:57","slug":"10-2","status":"publish","type":"page","link":"https:\/\/zigzagxplora.com\/fr\/","title":{"rendered":"ACCUEIL"},"content":{"rendered":"<p>[et_pb_section fb_built=\u00bb1&#8243; fullwidth=\u00bbon\u00bb admin_label=\u00bbHero\u00bb _builder_version=\u00bb4.4.1&#8243; background_color=\u00bb#0c71c3&#8243; background_image=\u00bbhttps:\/\/zigzagxplora.com\/wp-content\/uploads\/2020\/03\/travel-landscape-01.jpg\u00bb parallax=\u00bbon\u00bb custom_padding=\u00bb0px|0px|0px|0px\u00bb][et_pb_fullwidth_header title=\u00bbZIGZAGXPLORA\u00bb text_orientation=\u00bbcenter\u00bb button_one_text=\u00bbLEER M\u00c1S\u00bb button_one_url=\u00bbhttps:\/\/zigzagxplora.com\/tu-aventura\u00bb background_overlay_color=\u00bbrgba(0,13,45,0.78)\u00bb content_max_width=\u00bb700px\u00bb admin_label=\u00bbHero Section\u00bb _builder_version=\u00bb4.4.3&#8243; title_font=\u00bbOswald|on||on|\u00bb title_text_align=\u00bbcenter\u00bb title_text_color=\u00bb#f7f7f7&#8243; title_font_size=\u00bb80px\u00bb title_line_height=\u00bb1.3em\u00bb content_font=\u00bbRoboto||||\u00bb content_text_color=\u00bb#f7f7f7&#8243; content_font_size=\u00bb20px\u00bb background_enable_color=\u00bboff\u00bb background_enable_image=\u00bboff\u00bb parallax=\u00bbon\u00bb parallax_method=\u00bbon\u00bb custom_button_one=\u00bbon\u00bb button_one_text_size=\u00bb23px\u00bb button_one_text_color=\u00bb#b87549&#8243; button_one_border_width=\u00bb4px\u00bb button_one_border_color=\u00bb#b87549&#8243; button_one_border_radius=\u00bb0px\u00bb button_one_letter_spacing=\u00bb4px\u00bb button_one_font=\u00bbOswald|on||on|\u00bb button_one_icon=\u00bb%%3%%\u00bb button_one_icon_color=\u00bb#B87549&#8243; custom_margin=\u00bb|||\u00bb custom_padding=\u00bb44px||52px|||\u00bb custom_padding_tablet=\u00bb60px||60px|\u00bb custom_padding_phone=\u00bb\u00bb custom_padding_last_edited=\u00bbon|tablet\u00bb animation_style=\u00bbzoom\u00bb animation_direction=\u00bbbottom\u00bb animation_intensity_zoom=\u00bb4%\u00bb title_font_tablet=\u00bb\u00bb title_font_phone=\u00bb\u00bb title_font_last_edited=\u00bbon|desktop\u00bb title_text_align_tablet=\u00bb\u00bb title_text_align_phone=\u00bb\u00bb title_text_align_last_edited=\u00bbon|phone\u00bb title_text_color_tablet=\u00bb\u00bb title_text_color_phone=\u00bb\u00bb title_text_color_last_edited=\u00bbon|desktop\u00bb title_font_size_tablet=\u00bb70px\u00bb title_font_size_phone=\u00bb40px\u00bb title_font_size_last_edited=\u00bbon|phone\u00bb button_one_text_color_hover=\u00bb#ffffff\u00bb button_one_border_color_hover=\u00bb#ffffff\u00bb button_one_border_radius_hover=\u00bb0px\u00bb button_one_letter_spacing_hover=\u00bb4px\u00bb button_one_bg_color_hover=\u00bbrgba(0,0,0,0)\u00bb button_one_text_size__hover_enabled=\u00bboff\u00bb button_two_text_size__hover_enabled=\u00bboff\u00bb button_one_text_color__hover_enabled=\u00bbon|desktop\u00bb button_one_text_color__hover=\u00bb#b87549&#8243; button_two_text_color__hover_enabled=\u00bboff\u00bb button_one_border_width__hover_enabled=\u00bboff\u00bb button_two_border_width__hover_enabled=\u00bboff\u00bb button_one_border_color__hover_enabled=\u00bbon|hover\u00bb button_one_border_color__hover=\u00bb#B87549&#8243; button_two_border_color__hover_enabled=\u00bboff\u00bb button_one_border_radius__hover_enabled=\u00bbon\u00bb button_one_border_radius__hover=\u00bb0px\u00bb button_two_border_radius__hover_enabled=\u00bboff\u00bb button_one_letter_spacing__hover_enabled=\u00bbon|desktop\u00bb button_one_letter_spacing__hover=\u00bb4px\u00bb button_two_letter_spacing__hover_enabled=\u00bboff\u00bb button_one_bg_color__hover_enabled=\u00bbon|hover\u00bb button_one_bg_color__hover=\u00bb\u00bb button_two_bg_color__hover_enabled=\u00bboff\u00bb button_one_bg_enable_color__hover=\u00bboff\u00bb]<\/p>\n<p class=\"p1\" style=\"text-align: center;\">Te ayudo a organizar esa aventura que est\u00e1s deseando cumplir con el mayor de los respetos hacia el medio ambiente.<\/p>\n<p>[\/et_pb_fullwidth_header][\/et_pb_section][et_pb_section fb_built=\u00bb1&#8243; _builder_version=\u00bb4.4.1&#8243; background_color=\u00bb#f7f7f7&#8243; custom_padding=\u00bb9px||6px|||\u00bb][et_pb_row _builder_version=\u00bb4.4.1&#8243;][et_pb_column type=\u00bb4_4&#8243; _builder_version=\u00bb4.4.1&#8243;][et_pb_text _builder_version=\u00bb4.4.3&#8243; text_font=\u00bbMontserrat|600|||||||\u00bb text_text_color=\u00bb#212A63&#8243; text_font_size=\u00bb18px\u00bb]<\/p>\n<p class=\"p1\" style=\"text-align: center;\"><span style=\"color: #9b1313;\">ZigZagXplora<\/span> nace con la idea de ayudarte a organizar esa aventura que est\u00e1s deseando cumplir con el mayor de los respetos hacia el medio ambiente.<\/p>\n<p class=\"p1\" style=\"text-align: center;\">Nuestro objetivo es ser capaces de crear a medida y dar vida a esa idea que est\u00e1s deseando realizar en monta\u00f1a.<\/p>\n<p class=\"p1\" style=\"text-align: center;\">Queremos compartir contigo una experiencia \u00fanica de la cual todos nos enriquecemos y al mismo tiempo contribuir para preservar estos espacios tan m\u00e1gicos como fr\u00e1giles.<\/p>\n<p>[\/et_pb_text][et_pb_image src=\u00bbhttps:\/\/zigzagxplora.com\/wp-content\/uploads\/2020\/04\/zigzagxplora-logo-inicio.png\u00bb align=\u00bbcenter\u00bb _builder_version=\u00bb4.4.1&#8243;][\/et_pb_image][\/et_pb_column][\/et_pb_row][\/et_pb_section][et_pb_section fb_built=\u00bb1&#8243; _builder_version=\u00bb4.4.1&#8243; background_enable_color=\u00bboff\u00bb custom_padding=\u00bb26px||7px|||\u00bb][et_pb_row column_structure=\u00bb1_2,1_2&#8243; _builder_version=\u00bb3.25&#8243;][et_pb_column type=\u00bb1_2&#8243; _builder_version=\u00bb3.25&#8243; custom_padding=\u00bb|||\u00bb custom_padding__hover=\u00bb|||\u00bb][et_pb_text admin_label=\u00bbDiscover Beatuty Title\u00bb _builder_version=\u00bb4.4.1&#8243; text_font=\u00bb||||\u00bb text_text_color=\u00bb#1a1a1a\u00bb header_font=\u00bbOswald|on||on|\u00bb header_text_align=\u00bbleft\u00bb header_text_color=\u00bb#b87549&#8243; header_font_size=\u00bb60px\u00bb header_line_height=\u00bb1.3em\u00bb custom_margin=\u00bb||5px|||\u00bb animation_style=\u00bbslide\u00bb animation_direction=\u00bb%22fade_in%22&#8243; animation_duration=\u00bb500ms\u00bb animation_intensity_slide=\u00bb10%\u00bb]<\/p>\n<h1>QUI\u00c9N SOY<\/h1>\n<p>&nbsp;<\/p>\n<p>[\/et_pb_text][et_pb_text admin_label=\u00bbDiscover Beatuty Sub Title\u00bb _builder_version=\u00bb4.4.1&#8243; text_font=\u00bbRoboto|600|||||||\u00bb text_text_color=\u00bb#777777&#8243; text_font_size=\u00bb19px\u00bb text_line_height=\u00bb1.4em\u00bb custom_padding=\u00bb||1px|||\u00bb animation_style=\u00bbslide\u00bb animation_direction=\u00bbtop\u00bb animation_delay=\u00bb100ms\u00bb animation_intensity_slide=\u00bb10%\u00bb]<\/p>\n<p class=\"p1\">Me llamo Luis Mart\u00edn Heredia,<span class=\"Apple-converted-space\">\u00a0<\/span>soy Gu\u00eda de Media Monta\u00f1a, Diplomado en Turismo y formador acreditado por ANENA en b\u00fasqueda y rescate de v\u00edctimas en avalancha.<\/p>\n<p class=\"p1\">Nac\u00ed en un pueblo en los l\u00edmites del Parque Nacional de la Sierra de Guadarrama en Madrid pero llevo 10 a\u00f1os viviendo la mayor parte del a\u00f1o muy cerca de Saint Lary Soulan en el Valle d&#8217;Aure, Pirineo Franc\u00e9s.<\/p>\n<p class=\"p1\">Mi pasi\u00f3n por los viajes, por descubrir nuevos paisajes, culturas e idiomas han sido la motivaci\u00f3n principal para empezar esta aventura que me ha permitido viajar, estudiar y trabajar en diferentes pa\u00edses como Inglaterra, Francia, India, Marruecos o en las Antillas Francesas.<\/p>\n<p class=\"p1\">Pero sin duda lo m\u00e1s valioso fueron las personas que se han cruzado en mi camino y que forman parte de esta aventura.<\/p>\n<p>[\/et_pb_text][et_pb_divider color=\u00bb#B87549&#8243; divider_position=\u00bbcenter\u00bb divider_weight=\u00bb3px\u00bb disabled_on=\u00bboff|off|off\u00bb _builder_version=\u00bb4.4.1&#8243; max_width=\u00bb150px\u00bb height=\u00bbfalse\u00bb animation_style=\u00bbslide\u00bb animation_direction=\u00bbtop\u00bb animation_delay=\u00bb200ms\u00bb animation_intensity_slide=\u00bb10%\u00bb][\/et_pb_divider][\/et_pb_column][et_pb_column type=\u00bb1_2&#8243; _builder_version=\u00bb3.25&#8243; custom_padding=\u00bb|||\u00bb custom_padding__hover=\u00bb|||\u00bb][et_pb_image src=\u00bbhttps:\/\/zigzagxplora.com\/wp-content\/uploads\/2020\/03\/quien-soy-inicio.png\u00bb force_fullwidth=\u00bbon\u00bb align_tablet=\u00bbcenter\u00bb align_phone=\u00bb\u00bb align_last_edited=\u00bbon|desktop\u00bb _builder_version=\u00bb4.5.3&#8243; custom_margin=\u00bb0px|||||\u00bb animation_style=\u00bbslide\u00bb animation_direction=\u00bbright\u00bb animation=\u00bbfade_in\u00bb][\/et_pb_image][\/et_pb_column][\/et_pb_row][\/et_pb_section][et_pb_section fb_built=\u00bb1&#8243; _builder_version=\u00bb4.4.1&#8243; background_color=\u00bb#f7f7f7&#8243; custom_padding=\u00bb26px||10px|||\u00bb][et_pb_row column_structure=\u00bb1_2,1_2&#8243; _builder_version=\u00bb3.25&#8243;][et_pb_column type=\u00bb1_2&#8243; _builder_version=\u00bb3.25&#8243; custom_padding=\u00bb|||\u00bb custom_padding__hover=\u00bb|||\u00bb][et_pb_image src=\u00bbhttps:\/\/zigzagxplora.com\/wp-content\/uploads\/2020\/04\/inicio-foto-actividades.png\u00bb force_fullwidth=\u00bbon\u00bb align_tablet=\u00bbcenter\u00bb align_phone=\u00bb\u00bb align_last_edited=\u00bbon|desktop\u00bb _builder_version=\u00bb4.5.3&#8243; custom_margin=\u00bb0px|||||\u00bb custom_padding=\u00bb0px||0px|||\u00bb animation_style=\u00bbslide\u00bb animation_direction=\u00bbleft\u00bb animation=\u00bbfade_in\u00bb][\/et_pb_image][\/et_pb_column][et_pb_column type=\u00bb1_2&#8243; _builder_version=\u00bb3.25&#8243; custom_padding=\u00bb|||\u00bb custom_padding__hover=\u00bb|||\u00bb][et_pb_text admin_label=\u00bbDiscover Beatuty Title\u00bb _builder_version=\u00bb4.4.3&#8243; text_font=\u00bb||||\u00bb text_text_color=\u00bb#1a1a1a\u00bb header_font=\u00bbOswald|on||on|\u00bb header_text_align=\u00bbleft\u00bb header_text_color=\u00bb#9B1313&#8243; header_font_size=\u00bb50px\u00bb header_line_height=\u00bb1.3em\u00bb custom_margin=\u00bb||5px|||\u00bb animation_style=\u00bbslide\u00bb animation_direction=\u00bb%22fade_in%22&#8243; animation_duration=\u00bb500ms\u00bb animation_intensity_slide=\u00bb10%\u00bb header_text_align_tablet=\u00bbcenter\u00bb header_text_align_phone=\u00bbcenter\u00bb header_text_align_last_edited=\u00bbon|phone\u00bb header_font_size_tablet=\u00bb37px\u00bb header_font_size_phone=\u00bb30px\u00bb header_font_size_last_edited=\u00bbon|phone\u00bb]<\/p>\n<h1>ZIGZAGEXPERIENCES<\/h1>\n<p>&nbsp;<\/p>\n<p>[\/et_pb_text][et_pb_text admin_label=\u00bbDiscover Beatuty Sub Title\u00bb _builder_version=\u00bb4.4.3&#8243; text_font=\u00bbRoboto||||||||\u00bb text_text_color=\u00bb#777777&#8243; text_font_size=\u00bb19px\u00bb text_line_height=\u00bb1.4em\u00bb custom_margin=\u00bb||-10px|||\u00bb custom_padding=\u00bb||0px|||\u00bb animation_style=\u00bbslide\u00bb animation_direction=\u00bbtop\u00bb animation_delay=\u00bb100ms\u00bb animation_intensity_slide=\u00bb10%\u00bb text_orientation_tablet=\u00bbcenter\u00bb text_orientation_phone=\u00bbcenter\u00bb text_orientation_last_edited=\u00bbon|desktop\u00bb]<\/p>\n<p class=\"p1\">Estamos ubicados en el coraz\u00f3n de la Reserva Natural del N\u00e9ouvielle y la Reserva Natural Regional de Aulon.<\/p>\n<p class=\"p1\">Estos lugares son nuestros espacios favoritos sin embargo la cercan\u00eda de otros Parques Nacionales como el de Ordesa y Monte Perdido o el Parque Nacional del Pirineo Franc\u00e9s hacen posible que podamos disfrutar juntos de una gran variedad de posibilidades de manera muy sencilla.<\/p>\n<p class=\"p1\">\u200b<\/p>\n<p>[\/et_pb_text][et_pb_button button_url=\u00bbhttps:\/\/zigzagxplora.com\/experiencias\u00bb button_text=\u00bbLEER M\u00c1S\u00bb button_alignment=\u00bbleft\u00bb button_alignment_tablet=\u00bbcenter\u00bb button_alignment_phone=\u00bb\u00bb button_alignment_last_edited=\u00bbon|desktop\u00bb _builder_version=\u00bb4.4.3&#8243; custom_button=\u00bbon\u00bb button_text_size=\u00bb23px\u00bb button_text_color=\u00bb#b87549&#8243; button_border_width=\u00bb4px\u00bb button_border_color=\u00bb#b87549&#8243; button_font=\u00bbRoboto|700|||||||\u00bb button_icon=\u00bb%%3%%\u00bb button_icon_color=\u00bb#b87549&#8243;][\/et_pb_button][et_pb_divider color=\u00bb#9B1313&#8243; divider_position=\u00bbcenter\u00bb divider_weight=\u00bb3px\u00bb divider_position_tablet=\u00bbbottom\u00bb divider_position_phone=\u00bb\u00bb divider_position_last_edited=\u00bbon|phone\u00bb disabled_on=\u00bboff|off|off\u00bb _builder_version=\u00bb4.4.3&#8243; max_width=\u00bb150px\u00bb height=\u00bbfalse\u00bb animation_style=\u00bbslide\u00bb animation_direction=\u00bbtop\u00bb animation_delay=\u00bb200ms\u00bb animation_intensity_slide=\u00bb10%\u00bb module_alignment_tablet=\u00bbcenter\u00bb module_alignment_phone=\u00bbcenter\u00bb module_alignment_last_edited=\u00bbon|desktop\u00bb][\/et_pb_divider][\/et_pb_column][\/et_pb_row][\/et_pb_section][et_pb_section fb_built=\u00bb1&#8243; admin_label=\u00bbContact Form Section\u00bb _builder_version=\u00bb3.22&#8243; custom_padding=\u00bb4px||0px|||\u00bb global_module=\u00bb241&#8243; saved_tabs=\u00bball\u00bb][et_pb_row admin_label=\u00bbSection Title\u00bb _builder_version=\u00bb3.25&#8243; custom_margin=\u00bb|||\u00bb custom_padding=\u00bb||0px|\u00bb use_custom_width=\u00bbon\u00bb][et_pb_column type=\u00bb4_4&#8243; _builder_version=\u00bb3.25&#8243; custom_padding=\u00bb|||\u00bb custom_padding__hover=\u00bb|||\u00bb][et_pb_text admin_label=\u00bbTitle\u00bb _builder_version=\u00bb4.4.1&#8243; text_font=\u00bb||||||||\u00bb header_font=\u00bb||||||||\u00bb header_2_font=\u00bbMontserrat|600||on|||||\u00bb header_2_text_align=\u00bbcenter\u00bb header_2_font_size=\u00bb30px\u00bb header_2_line_height=\u00bb1.5em\u00bb text_orientation=\u00bbcenter\u00bb custom_margin=\u00bb||5px|\u00bb animation_style=\u00bbslide\u00bb animation_direction=\u00bbtop\u00bb animation_intensity_slide=\u00bb20%\u00bb animation_starting_opacity=\u00bb100%\u00bb]<\/p>\n<h2>RELLENE EL SIGUIENTE FORMULARIO<\/h2>\n<p>[\/et_pb_text][et_pb_text admin_label=\u00bbTitle\u00bb _builder_version=\u00bb4.4.1&#8243; text_font=\u00bbRoboto|500|||||||\u00bb text_text_color=\u00bb#777777&#8243; text_font_size=\u00bb19px\u00bb header_font=\u00bb||||||||\u00bb header_2_font=\u00bbMontserrat|600||on|||||\u00bb header_2_text_align=\u00bbcenter\u00bb header_2_font_size=\u00bb30px\u00bb header_2_line_height=\u00bb1.5em\u00bb text_orientation=\u00bbcenter\u00bb min_height=\u00bb45px\u00bb custom_margin=\u00bb||5px|\u00bb animation_style=\u00bbslide\u00bb animation_direction=\u00bbtop\u00bb animation_intensity_slide=\u00bb20%\u00bb animation_starting_opacity=\u00bb100%\u00bb]<\/p>\n<p style=\"text-align: center;\">para poder resolverle cualquier duda o comentario al respecto de ZigZagXplora.<\/p>\n<p>[\/et_pb_text][et_pb_divider color=\u00bb#B87549&#8243; divider_weight=\u00bb3px\u00bb _builder_version=\u00bb4.4.1&#8243; width=\u00bb15%\u00bb max_width=\u00bb97px\u00bb module_alignment=\u00bbcenter\u00bb animation_style=\u00bbslide\u00bb animation_direction=\u00bbtop\u00bb animation_intensity_slide=\u00bb20%\u00bb animation_starting_opacity=\u00bb100%\u00bb][\/et_pb_divider][\/et_pb_column][\/et_pb_row][et_pb_row admin_label=\u00bbContact Form Area\u00bb _builder_version=\u00bb3.25&#8243; custom_padding=\u00bb22px|||||\u00bb][et_pb_column type=\u00bb4_4&#8243; _builder_version=\u00bb3.25&#8243; custom_padding=\u00bb|||\u00bb custom_padding__hover=\u00bb|||\u00bb][et_pb_contact_form captcha=\u00bboff\u00bb email=\u00bbinfo@zigzagxplora.com\u00bb success_message=\u00bbGRACIAS!\u00bb submit_button_text=\u00bbENVIAR\u00bb module_id=\u00bbet_pb_contact_form_0&#8243; _builder_version=\u00bb4.4.1&#8243; form_field_background_color=\u00bb#ffffff\u00bb form_field_text_color=\u00bb#212a63&#8243; title_font=\u00bb||||||||\u00bb form_field_font=\u00bbRoboto|500|||||||\u00bb form_field_font_size=\u00bb17px\u00bb form_field_letter_spacing=\u00bb1px\u00bb form_field_line_height=\u00bb1.8em\u00bb custom_button=\u00bbon\u00bb button_text_size=\u00bb16px\u00bb button_text_color=\u00bb#B87549&#8243; button_border_width=\u00bb4px\u00bb button_border_color=\u00bb#B87549&#8243; button_letter_spacing=\u00bb2px\u00bb button_font=\u00bbRoboto|600||on|||||\u00bb button_icon_color=\u00bb#b87549&#8243; module_alignment=\u00bbcenter\u00bb animation_style=\u00bbfade\u00bb border_width_all=\u00bb2px\u00bb border_color_all=\u00bb#212a63&#8243; form_background_color=\u00bb#ffffff\u00bb button_letter_spacing_hover=\u00bb2px\u00bb][et_pb_contact_field field_id=\u00bbNombre\u00bb field_title=\u00bbNombre\u00bb _builder_version=\u00bb4.4.1&#8243; button_text_size__hover_enabled=\u00bboff\u00bb button_one_text_size__hover_enabled=\u00bboff\u00bb button_two_text_size__hover_enabled=\u00bboff\u00bb button_text_color__hover_enabled=\u00bboff\u00bb button_one_text_color__hover_enabled=\u00bboff\u00bb button_two_text_color__hover_enabled=\u00bboff\u00bb button_border_width__hover_enabled=\u00bboff\u00bb button_one_border_width__hover_enabled=\u00bboff\u00bb button_two_border_width__hover_enabled=\u00bboff\u00bb button_border_color__hover_enabled=\u00bboff\u00bb button_one_border_color__hover_enabled=\u00bboff\u00bb button_two_border_color__hover_enabled=\u00bboff\u00bb button_border_radius__hover_enabled=\u00bboff\u00bb button_one_border_radius__hover_enabled=\u00bboff\u00bb button_two_border_radius__hover_enabled=\u00bboff\u00bb button_letter_spacing__hover_enabled=\u00bboff\u00bb button_one_letter_spacing__hover_enabled=\u00bboff\u00bb button_two_letter_spacing__hover_enabled=\u00bboff\u00bb button_bg_color__hover_enabled=\u00bboff\u00bb button_one_bg_color__hover_enabled=\u00bboff\u00bb button_two_bg_color__hover_enabled=\u00bboff\u00bb][\/et_pb_contact_field][et_pb_contact_field field_id=\u00bbApellidos\u00bb field_title=\u00bbApellidos\u00bb _builder_version=\u00bb4.4.1&#8243; button_text_size__hover_enabled=\u00bboff\u00bb button_one_text_size__hover_enabled=\u00bboff\u00bb button_two_text_size__hover_enabled=\u00bboff\u00bb button_text_color__hover_enabled=\u00bboff\u00bb button_one_text_color__hover_enabled=\u00bboff\u00bb button_two_text_color__hover_enabled=\u00bboff\u00bb button_border_width__hover_enabled=\u00bboff\u00bb button_one_border_width__hover_enabled=\u00bboff\u00bb button_two_border_width__hover_enabled=\u00bboff\u00bb button_border_color__hover_enabled=\u00bboff\u00bb button_one_border_color__hover_enabled=\u00bboff\u00bb button_two_border_color__hover_enabled=\u00bboff\u00bb button_border_radius__hover_enabled=\u00bboff\u00bb button_one_border_radius__hover_enabled=\u00bboff\u00bb button_two_border_radius__hover_enabled=\u00bboff\u00bb button_letter_spacing__hover_enabled=\u00bboff\u00bb button_one_letter_spacing__hover_enabled=\u00bboff\u00bb button_two_letter_spacing__hover_enabled=\u00bboff\u00bb button_bg_color__hover_enabled=\u00bboff\u00bb button_one_bg_color__hover_enabled=\u00bboff\u00bb button_two_bg_color__hover_enabled=\u00bboff\u00bb][\/et_pb_contact_field][et_pb_contact_field field_id=\u00bbEmail\u00bb field_title=\u00bbEmail\u00bb field_type=\u00bbemail\u00bb fullwidth_field=\u00bbon\u00bb _builder_version=\u00bb4.4.1&#8243; button_text_size__hover_enabled=\u00bboff\u00bb button_one_text_size__hover_enabled=\u00bboff\u00bb button_two_text_size__hover_enabled=\u00bboff\u00bb button_text_color__hover_enabled=\u00bboff\u00bb button_one_text_color__hover_enabled=\u00bboff\u00bb button_two_text_color__hover_enabled=\u00bboff\u00bb button_border_width__hover_enabled=\u00bboff\u00bb button_one_border_width__hover_enabled=\u00bboff\u00bb button_two_border_width__hover_enabled=\u00bboff\u00bb button_border_color__hover_enabled=\u00bboff\u00bb button_one_border_color__hover_enabled=\u00bboff\u00bb button_two_border_color__hover_enabled=\u00bboff\u00bb button_border_radius__hover_enabled=\u00bboff\u00bb button_one_border_radius__hover_enabled=\u00bboff\u00bb button_two_border_radius__hover_enabled=\u00bboff\u00bb button_letter_spacing__hover_enabled=\u00bboff\u00bb button_one_letter_spacing__hover_enabled=\u00bboff\u00bb button_two_letter_spacing__hover_enabled=\u00bboff\u00bb button_bg_color__hover_enabled=\u00bboff\u00bb button_one_bg_color__hover_enabled=\u00bboff\u00bb button_two_bg_color__hover_enabled=\u00bboff\u00bb][\/et_pb_contact_field][et_pb_contact_field field_id=\u00bbMensaje\u00bb field_title=\u00bbMensaje\u00bb field_type=\u00bbtext\u00bb fullwidth_field=\u00bbon\u00bb _builder_version=\u00bb4.4.1&#8243; button_text_size__hover_enabled=\u00bboff\u00bb button_one_text_size__hover_enabled=\u00bboff\u00bb button_two_text_size__hover_enabled=\u00bboff\u00bb button_text_color__hover_enabled=\u00bboff\u00bb button_one_text_color__hover_enabled=\u00bboff\u00bb button_two_text_color__hover_enabled=\u00bboff\u00bb button_border_width__hover_enabled=\u00bboff\u00bb button_one_border_width__hover_enabled=\u00bboff\u00bb button_two_border_width__hover_enabled=\u00bboff\u00bb button_border_color__hover_enabled=\u00bboff\u00bb button_one_border_color__hover_enabled=\u00bboff\u00bb button_two_border_color__hover_enabled=\u00bboff\u00bb button_border_radius__hover_enabled=\u00bboff\u00bb button_one_border_radius__hover_enabled=\u00bboff\u00bb button_two_border_radius__hover_enabled=\u00bboff\u00bb button_letter_spacing__hover_enabled=\u00bboff\u00bb button_one_letter_spacing__hover_enabled=\u00bboff\u00bb button_two_letter_spacing__hover_enabled=\u00bboff\u00bb button_bg_color__hover_enabled=\u00bboff\u00bb button_one_bg_color__hover_enabled=\u00bboff\u00bb button_two_bg_color__hover_enabled=\u00bboff\u00bb][\/et_pb_contact_field][\/et_pb_contact_form][\/et_pb_column][\/et_pb_row][\/et_pb_section]<\/p>\n","protected":false},"excerpt":{"rendered":"<p>Te ayudo a organizar esa aventura que est\u00e1s deseando cumplir con el mayor de los respetos hacia el medio ambiente.ZigZagXplora nace con la idea de ayudarte a organizar esa aventura que est\u00e1s deseando cumplir con el mayor de los respetos hacia el medio ambiente. Nuestro objetivo es ser capaces de crear a medida y dar [&hellip;]<\/p>\n","protected":false},"author":1,"featured_media":0,"parent":0,"menu_order":1,"comment_status":"closed","ping_status":"closed","template":"","meta":{"_et_pb_use_builder":"on","_et_pb_old_content":"","_et_gb_content_width":"","footnotes":""},"class_list":["post-10","page","type-page","status-publish","hentry"],"_links":{"self":[{"href":"https:\/\/zigzagxplora.com\/fr\/wp-json\/wp\/v2\/pages\/10","targetHints":{"allow":["GET"]}}],"collection":[{"href":"https:\/\/zigzagxplora.com\/fr\/wp-json\/wp\/v2\/pages"}],"about":[{"href":"https:\/\/zigzagxplora.com\/fr\/wp-json\/wp\/v2\/types\/page"}],"author":[{"embeddable":true,"href":"https:\/\/zigzagxplora.com\/fr\/wp-json\/wp\/v2\/users\/1"}],"replies":[{"embeddable":true,"href":"https:\/\/zigzagxplora.com\/fr\/wp-json\/wp\/v2\/comments?post=10"}],"version-history":[{"count":53,"href":"https:\/\/zigzagxplora.com\/fr\/wp-json\/wp\/v2\/pages\/10\/revisions"}],"predecessor-version":[{"id":533,"href":"https:\/\/zigzagxplora.com\/fr\/wp-json\/wp\/v2\/pages\/10\/revisions\/533"}],"wp:attachment":[{"href":"https:\/\/zigzagxplora.com\/fr\/wp-json\/wp\/v2\/media?parent=10"}],"curies":[{"name":"wp","href":"https:\/\/api.w.org\/{rel}","templated":true}]}}